{"id":248,"date":"2025-05-20T19:30:18","date_gmt":"2025-05-20T17:30:18","guid":{"rendered":"http:\/\/www.iv-michaelfinck.de\/?page_id=248"},"modified":"2025-06-19T13:41:37","modified_gmt":"2025-06-19T11:41:37","slug":"impressum","status":"publish","type":"page","link":"https:\/\/www.iv-michaelfinck.de\/en\/impressum\/","title":{"rendered":"Impressum"},"content":{"rendered":"<div data-elementor-type=\"wp-page\" data-elementor-id=\"248\" class=\"elementor elementor-248\">\n\t\t\t\t<div class=\"elementor-element elementor-element-223e8f5f e-grid e-con-full mein-sticky-header e-con e-parent\" data-id=\"223e8f5f\" data-element_type=\"container\" data-e-type=\"container\" data-settings=\"{&quot;background_background&quot;:&quot;classic&quot;}\">\n\t\t\t\t<div class=\"elementor-element elementor-element-d733d0f elementor-widget__width-initial elementor-widget elementor-widget-image\" data-id=\"d733d0f\" data-element_type=\"widget\" data-e-type=\"widget\" data-widget_type=\"image.default\">\n\t\t\t\t\t\t\t\t\t\t\t\t\t\t\t\t<a href=\"http:\/\/www.iv-michaelfinck.de\/en\/\">\n\t\t\t\t\t\t\t<img fetchpriority=\"high\" decoding=\"async\" width=\"300\" height=\"184\" src=\"https:\/\/www.iv-michaelfinck.de\/wp-content\/uploads\/2025\/05\/Bildschirmfoto_19-5-2025_211952_www.canva_.com_-300x184.jpeg\" class=\"attachment-medium size-medium wp-image-38\" alt=\"\" srcset=\"https:\/\/www.iv-michaelfinck.de\/wp-content\/uploads\/2025\/05\/Bildschirmfoto_19-5-2025_211952_www.canva_.com_-300x184.jpeg 300w, https:\/\/www.iv-michaelfinck.de\/wp-content\/uploads\/2025\/05\/Bildschirmfoto_19-5-2025_211952_www.canva_.com_-18x12.jpeg 18w, https:\/\/www.iv-michaelfinck.de\/wp-content\/uploads\/2025\/05\/Bildschirmfoto_19-5-2025_211952_www.canva_.com_.jpeg 397w\" sizes=\"(max-width: 300px) 100vw, 300px\" \/>\t\t\t\t\t\t\t\t<\/a>\n\t\t\t\t\t\t\t\t\t\t\t\t\t\t\t<\/div>\n\t\t<div class=\"elementor-element elementor-element-334bb2df e-grid e-con-full e-con e-child\" data-id=\"334bb2df\" data-element_type=\"container\" data-e-type=\"container\">\n\t\t\t\t<div class=\"elementor-element elementor-element-7cd0debd elementor-widget elementor-widget-heading\" data-id=\"7cd0debd\" data-element_type=\"widget\" data-e-type=\"widget\" data-widget_type=\"heading.default\">\n\t\t\t\t\t<h3 class=\"elementor-heading-title elementor-size-default\"><a href=\"http:\/\/www.iv-michaelfinck.de\/en\/leistungen\/\">Services<\/a><\/h3>\t\t\t\t<\/div>\n\t\t\t\t<div class=\"elementor-element elementor-element-2578115a elementor-widget elementor-widget-heading\" data-id=\"2578115a\" data-element_type=\"widget\" data-e-type=\"widget\" data-widget_type=\"heading.default\">\n\t\t\t\t\t<h3 class=\"elementor-heading-title elementor-size-default\"><a href=\"http:\/\/www.iv-michaelfinck.de\/en\/partner\/\">Partner<\/a><\/h3>\t\t\t\t<\/div>\n\t\t\t\t<div class=\"elementor-element elementor-element-2e51d69d elementor-widget elementor-widget-heading\" data-id=\"2e51d69d\" data-element_type=\"widget\" data-e-type=\"widget\" data-widget_type=\"heading.default\">\n\t\t\t\t\t<h3 class=\"elementor-heading-title elementor-size-default\"><a href=\"http:\/\/www.iv-michaelfinck.de\/en\/ueber-mich\/\">About me<\/a><\/h3>\t\t\t\t<\/div>\n\t\t\t\t<\/div>\n\t\t\t\t<div class=\"elementor-element elementor-element-5127003e elementor-align-right elementor-widget elementor-widget-button\" data-id=\"5127003e\" data-element_type=\"widget\" data-e-type=\"widget\" data-widget_type=\"button.default\">\n\t\t\t\t\t\t\t\t\t\t<a class=\"elementor-button elementor-button-link elementor-size-sm\" href=\"http:\/\/www.iv-michaelfinck.de\/en\/kontakt\/\">\n\t\t\t\t\t\t<span class=\"elementor-button-content-wrapper\">\n\t\t\t\t\t\t\t\t\t<span class=\"elementor-button-text\">Contact us<\/span>\n\t\t\t\t\t<\/span>\n\t\t\t\t\t<\/a>\n\t\t\t\t\t\t\t\t<\/div>\n\t\t\t\t<\/div>\n\t\t<div class=\"elementor-element elementor-element-1c226851 e-flex e-con-boxed e-con e-parent\" data-id=\"1c226851\" data-element_type=\"container\" data-e-type=\"container\">\n\t\t\t\t\t<div class=\"e-con-inner\">\n\t\t\t\t<div class=\"elementor-element elementor-element-3f2520d5 elementor-widget elementor-widget-heading\" data-id=\"3f2520d5\" data-element_type=\"widget\" data-e-type=\"widget\" data-widget_type=\"heading.default\">\n\t\t\t\t\t<h2 class=\"elementor-heading-title elementor-size-default\">Impressum\nIndustrievertretungen Michael Finck<\/h2>\t\t\t\t<\/div>\n\t\t\t\t\t<\/div>\n\t\t\t\t<\/div>\n\t\t<div class=\"elementor-element elementor-element-c40181d e-flex e-con-boxed e-con e-parent\" data-id=\"c40181d\" data-element_type=\"container\" data-e-type=\"container\">\n\t\t\t\t\t<div class=\"e-con-inner\">\n\t\t\t\t<div class=\"elementor-element elementor-element-6a16cd7d elementor-widget elementor-widget-text-editor\" data-id=\"6a16cd7d\" data-element_type=\"widget\" data-e-type=\"widget\" data-widget_type=\"text-editor.default\">\n\t\t\t\t\t\t\t\t\t<p><strong>Information according to \u00a7 5 DDG<\/strong><\/p><p style=\"font-weight: 400;\"><strong>Michael Finck Industrievertretungen<\/strong><\/p><p>Michael Finck<br \/>Keltenstr.13<br \/>55758 Kempfeld\u00a0<\/p><p><b>Zust\u00e4ndiges Gericht:<\/b> Amtsgericht Idar-Oberstein<\/p><p><b>Contact:<\/b><\/p><p>Tel.:\u00a0+49 6786-2925325<br \/>Telefon: +49 157-53691221<br \/>E-Mail:<u> <a href=\"mailto:m.finck@finck-industrievertretungen.de\">m.finck@finck-industrievertretungen.de<\/a><\/u><\/p><p><b>UstID:<\/b> DE355917788<\/p><p><b>Disclaimer of liability<\/b><\/p><p><b>Liability for links:<\/b><br \/>Our website contains links to external third-party websites over whose content we have no influence. Therefore, we cannot accept any liability for this third-party content. The respective provider or operator of the pages is always responsible for the content of the linked pages. The linked pages were checked for possible legal violations at the time of linking. Illegal content was not recognizable at the time of linking. However, permanent monitoring of the content of the linked pages is not reasonable without concrete evidence of an infringement. If we become aware of any legal infringements, we will remove such links immediately.<\/p><p><b>Liability for content:<br \/><\/b>The contents of our pages have been created with the greatest care. However, we cannot assume any liability for the correctness, completeness and topicality of the contents. As a service provider, we are responsible for our own content on these pages in accordance with \u00a7 5 DDG. According to \u00a7 5 DDG, we are not obliged to monitor transmitted or stored third-party information or to investigate circumstances that indicate illegal activity. Obligations to remove or block the use of information in accordance with general legislation remain unaffected by this. However, liability in this respect is only possible from the time of knowledge of a specific infringement. As soon as we become aware of such infringements, we will remove this content immediately.<\/p><p><b>Urheberrecht:<\/b><br \/>The content and works created by the site operators on these pages are subject to German copyright law. Duplication, processing, distribution and any form of commercialization of such material beyond the scope of the copyright law shall require the prior written consent of its respective author or creator. Downloads and copies of this site are only permitted for private, non-commercial use. Insofar as the content on this site was not created by the operator, the copyrights of third parties are respected. In particular, third-party content is identified as such. Should you nevertheless become aware of a copyright infringement, please inform us accordingly. If we become aware of any infringements, we will remove such content immediately.<\/p><p><strong>Webdesigner:<br \/><\/strong>Niklas Finck<br \/>Feel free to contact me for your website \ud83d\ude42<br \/><a href=\"mailto:niklasfinck246@gmail.com\">niklasfinck246@gmail.com<\/a><\/p>\t\t\t\t\t\t\t\t<\/div>\n\t\t\t\t\t<\/div>\n\t\t\t\t<\/div>\n\t\t<div class=\"elementor-element elementor-element-cb8d471 e-flex e-con-boxed e-con e-parent\" data-id=\"cb8d471\" data-element_type=\"container\" data-e-type=\"container\">\n\t\t\t\t\t<div class=\"e-con-inner\">\n\t\t\t\t<div class=\"elementor-element elementor-element-b343a8f elementor-widget elementor-widget-html\" data-id=\"b343a8f\" data-element_type=\"widget\" data-e-type=\"widget\" data-widget_type=\"html.default\">\n\t\t\t\t\t<div class=\"footer-wrapper\">\r\n  <div class=\"footer-custom\">\r\n    <div class=\"footer-section\">\r\n      <h3>Michael Finck<\/h3>\r\n      <p>Industrial agencies for energy and<br>Compressed Air Management<\/p>\r\n    <\/div>\r\n    <div class=\"footer-section\">\r\n      <h3>Contact us<\/h3>\r\n      <p>\r\n        Keltenstr. 13<br>\r\n        55758 Kempfeld<br>\r\n        Tel: +49 6786-2925325<br>\r\n        Mobil: +49 157-53691221<br>\r\n        Mail: <a href=\"mailto:m.finck@finck-industrievertretungen.de\">m.finck@finck-industrievertretungen.de<\/a>\r\n      <\/p>\r\n    <\/div>\r\n    <div class=\"footer-section\">\r\n      <h3>Legal information<\/h3>\r\n      <p>\r\n        <a href=\"\/en\/impressum\/\">\u279c Legal notice<\/a><br>\r\n        <a href=\"\/en\/datenschutz\/\">\u279c Privacy policy<\/a>\r\n      <\/p>\r\n    <\/div>\r\n  <\/div>\r\n<\/div>\r\n\r\n<style>\r\n@import url('https:\/\/fonts.googleapis.com\/css2?family=Montserrat:wght@400;600&display=swap');\r\n\r\n\/* Volle Breite des Hintergrunds *\/\r\n.footer-wrapper {\r\n  width: 100%;\r\n  background-color: #fff;\r\n}\r\n\r\n\/* Zentrierter Footer-Inhalt *\/\r\n.footer-custom {\r\n  max-width: 1200px;\r\n  margin: 0 auto;\r\n  padding: 30px 20px;\r\n  display: flex;\r\n  flex-wrap: wrap;\r\n  justify-content: space-between;\r\n  gap: 20px;\r\n  font-family: 'Montserrat', sans-serif;\r\n  box-sizing: border-box;\r\n}\r\n\r\n.footer-section {\r\n  flex: 1 1 30%;\r\n  min-width: 240px;\r\n}\r\n\r\n.footer-section h3 {\r\n  color: #3366ff;\r\n  margin-bottom: 10px;\r\n  font-size: 1.2rem;\r\n  font-weight: 600;\r\n}\r\n\r\n.footer-section p {\r\n  color: #222;\r\n  line-height: 1.5;\r\n  font-size: 0.95rem;\r\n  font-weight: 400;\r\n}\r\n\r\n.footer-section a {\r\n  color: #222;\r\n  text-decoration: none;\r\n}\r\n\r\n.footer-section a:hover {\r\n  text-decoration: underline;\r\n}\r\n\r\n\/* Ab unter 1024px einspaltig *\/\r\n@media (max-width: 1024px) {\r\n  .footer-custom {\r\n    flex-direction: column;\r\n    align-items: flex-start;\r\n    padding: 20px;\r\n  }\r\n\r\n  .footer-section {\r\n    flex: 1 1 100%;\r\n    min-width: auto;\r\n    margin-bottom: 20px;\r\n  }\r\n\r\n  .footer-section h3 {\r\n    font-size: 1.1rem;\r\n  }\r\n\r\n  .footer-section p,\r\n  .footer-section a {\r\n    font-size: 0.95rem;\r\n  }\r\n}\r\n<\/style>\t\t\t\t<\/div>\n\t\t\t\t\t<\/div>\n\t\t\t\t<\/div>\n\t\t<div class=\"elementor-element elementor-element-5ac0bd29 e-flex e-con-boxed e-con e-parent\" data-id=\"5ac0bd29\" data-element_type=\"container\" data-e-type=\"container\">\n\t\t\t\t\t<div class=\"e-con-inner\">\n\t\t\t\t<div class=\"elementor-element elementor-element-632856e2 elementor-widget elementor-widget-text-editor\" data-id=\"632856e2\" data-element_type=\"widget\" data-e-type=\"widget\" data-widget_type=\"text-editor.default\">\n\t\t\t\t\t\t\t\t\t<p>\u00a9 2025 Michael Finck - All rights reserved<\/p>\t\t\t\t\t\t\t\t<\/div>\n\t\t\t\t\t<\/div>\n\t\t\t\t<\/div>\n\t\t<div class=\"elementor-element elementor-element-7c9bad3 e-flex e-con-boxed e-con e-parent\" data-id=\"7c9bad3\" data-element_type=\"container\" data-e-type=\"container\">\n\t\t\t\t\t<div class=\"e-con-inner\">\n\t\t\t\t<div class=\"elementor-element elementor-element-6dbcf79 elementor-widget elementor-widget-html\" data-id=\"6dbcf79\" data-element_type=\"widget\" data-e-type=\"widget\" data-widget_type=\"html.default\">\n\t\t\t\t\t<style>\r\n    .mein-sticky-header {\r\n    position: sticky;\r\n    top: 0;\r\n    z-index: 9999;\r\n    background: white;\r\n    box-shadow: 0 2px 10px rgba(0, 0, 0, 0.1);\r\n\r\n    \/* Normales Elementor-Header auf mobilen Ger\u00e4ten ausblenden *\/\r\n@media (max-width: 1024px) {\r\n    display: none !important;\r\n  }\r\n}\r\n<\/style>\t\t\t\t<\/div>\n\t\t\t\t\t<\/div>\n\t\t\t\t<\/div>\n\t\t<div class=\"elementor-element elementor-element-e8a3062 e-flex e-con-boxed e-con e-parent\" data-id=\"e8a3062\" data-element_type=\"container\" data-e-type=\"container\">\n\t\t\t\t\t<div class=\"e-con-inner\">\n\t\t\t\t<div class=\"elementor-element elementor-element-907ce94 elementor-widget elementor-widget-html\" data-id=\"907ce94\" data-element_type=\"widget\" data-e-type=\"widget\" data-widget_type=\"html.default\">\n\t\t\t\t\t<!DOCTYPE html>\r\n<html lang=\"de\">\r\n<head>\r\n  <meta charset=\"UTF-8\">\r\n  <meta name=\"viewport\" content=\"width=device-width, initial-scale=1.0\">\r\n  <title>Mobile Header<\/title>\r\n  <style>\r\n    \/* Mobiler Header \u2013 nur f\u00fcr kleine Bildschirme *\/\r\n    @media (max-width: 768px) {\r\n      .mobiler-header {\r\n        position: fixed;\r\n        top: 0;\r\n        width: 100%;\r\n        z-index: 9999;\r\n        background: white;\r\n        box-shadow: 0 2px 10px rgba(0, 0, 0, 0.1);\r\n        padding: 10px 20px;\r\n      }\r\n\r\n      .mobiler-header-inhalt {\r\n        display: flex;\r\n        justify-content: space-between;\r\n        align-items: center;\r\n      }\r\n\r\n      .mobiler-logo {\r\n        max-height: 60px;\r\n        transition: max-height 0.3s ease;\r\n      }\r\n\r\n      .burger {\r\n        font-size: 28px;\r\n        cursor: pointer;\r\n      }\r\n\r\n      .mobiles-menue {\r\n        display: none;\r\n        flex-direction: column;\r\n        padding-top: 10px;\r\n      }\r\n\r\n      .mobiles-menue a {\r\n        padding: 10px 0;\r\n        text-decoration: none;\r\n        color: #333;\r\n        font-weight: 500;\r\n      }\r\n\r\n      .mobiles-menue.aktiv {\r\n        display: flex;\r\n      }\r\n\r\n      \/* Desktop-Header auf kleinen Ger\u00e4ten ausblenden *\/\r\n      header.elementor-sticky--effects,\r\n      .elementor-header {\r\n        display: none !important;\r\n      }\r\n\r\n      \/* h1-Zeilenumbruch bei langen W\u00f6rtern *\/\r\n      h1 {\r\n        word-break: break-word;\r\n        overflow-wrap: break-word;\r\n        hyphens: auto;\r\n      }\r\n    }\r\n\r\n    \/* Mobiler Header auf gr\u00f6\u00dferen Bildschirmen ausblenden *\/\r\n    @media (min-width: 769px) {\r\n      .mobiler-header {\r\n        display: none !important;\r\n      }\r\n    }\r\n  <\/style>\r\n<\/head>\r\n<body>\r\n\r\n  <div class=\"mobiler-header\">\r\n    <div class=\"mobiler-header-inhalt\">\r\n      <a href=\"\/en\/\" class=\"mobiler-logo-link\">\r\n        <img decoding=\"async\" src=\"https:\/\/www.iv-michaelfinck.de\/wp-content\/uploads\/2025\/05\/Bildschirmfoto_19-5-2025_211952_www.canva_.com_.jpeg\" alt=\"Logo\" class=\"mobiler-logo\">\r\n      <\/a>\r\n      <div class=\"burger\" onclick=\"toggleMobilesMenue()\">\u2630<\/div>\r\n    <\/div>\r\n    <nav class=\"mobiles-menue\" id=\"mobilesMenue\">\r\n      <a href=\"\/en\/leistungen\/\">Services<\/a>\r\n      <a href=\"\/en\/partner\/\">Partner<\/a>\r\n            <a href=\"\/en\/ueber-mich\/\">About me<\/a>\r\n      <a href=\"\/en\/kontakt\/\">Contact us<\/a>\r\n    <\/nav>\r\n  <\/div>\r\n\r\n  <script>\r\n    function toggleMobilesMenue() {\r\n      var menue = document.getElementById(\"mobilesMenue\");\r\n      menue.classList.toggle(\"aktiv\");\r\n    }\r\n  <\/script>\r\n\r\n<\/body>\r\n<\/html>\t\t\t\t<\/div>\n\t\t\t\t\t<\/div>\n\t\t\t\t<\/div>\n\t\t\t\t<\/div>","protected":false},"excerpt":{"rendered":"<p>Leistungen Partner \u00dcber Mich Kontakt Impressum Industrievertretungen Michael Finck Informationen nach \u00a7 5 DDG Michael Finck Industrievertretungen Michael FinckKeltenstr.1355758 Kempfeld\u00a0 Zust\u00e4ndiges Gericht: Amtsgericht Idar-Oberstein Kontakt: Tel.:\u00a0+49 6786-2925325Telefon: +49 157-53691221E-Mail: m.finck@finck-industrievertretungen.de UstID: DE355917788 Haftungsausschluss Haftung f\u00fcr Links:Unser Angebot enth\u00e4lt Links zu externen Webseiten Dritter, auf deren Inhalte wir keinen Einfluss haben. Deshalb k\u00f6nnen wir f\u00fcr diese [&hellip;]<\/p>\n","protected":false},"author":1,"featured_media":38,"parent":0,"menu_order":0,"comment_status":"closed","ping_status":"closed","template":"","meta":{"footnotes":""},"class_list":["post-248","page","type-page","status-publish","has-post-thumbnail","hentry"],"_links":{"self":[{"href":"https:\/\/www.iv-michaelfinck.de\/en\/wp-json\/wp\/v2\/pages\/248","targetHints":{"allow":["GET"]}}],"collection":[{"href":"https:\/\/www.iv-michaelfinck.de\/en\/wp-json\/wp\/v2\/pages"}],"about":[{"href":"https:\/\/www.iv-michaelfinck.de\/en\/wp-json\/wp\/v2\/types\/page"}],"author":[{"embeddable":true,"href":"https:\/\/www.iv-michaelfinck.de\/en\/wp-json\/wp\/v2\/users\/1"}],"replies":[{"embeddable":true,"href":"https:\/\/www.iv-michaelfinck.de\/en\/wp-json\/wp\/v2\/comments?post=248"}],"version-history":[{"count":77,"href":"https:\/\/www.iv-michaelfinck.de\/en\/wp-json\/wp\/v2\/pages\/248\/revisions"}],"predecessor-version":[{"id":832,"href":"https:\/\/www.iv-michaelfinck.de\/en\/wp-json\/wp\/v2\/pages\/248\/revisions\/832"}],"wp:featuredmedia":[{"embeddable":true,"href":"https:\/\/www.iv-michaelfinck.de\/en\/wp-json\/wp\/v2\/media\/38"}],"wp:attachment":[{"href":"https:\/\/www.iv-michaelfinck.de\/en\/wp-json\/wp\/v2\/media?parent=248"}],"curies":[{"name":"wp","href":"https:\/\/api.w.org\/{rel}","templated":true}]}}