{"id":243,"date":"2025-05-20T19:27:44","date_gmt":"2025-05-20T17:27:44","guid":{"rendered":"http:\/\/www.iv-michaelfinck.de\/?page_id=243"},"modified":"2025-11-12T16:22:19","modified_gmt":"2025-11-12T15:22:19","slug":"datenschutz","status":"publish","type":"page","link":"https:\/\/www.iv-michaelfinck.de\/en\/datenschutz\/","title":{"rendered":"Datenschutz"},"content":{"rendered":"<div data-elementor-type=\"wp-page\" data-elementor-id=\"243\" class=\"elementor elementor-243\">\n\t\t\t\t<div class=\"elementor-element elementor-element-1ef2d9db e-grid e-con-full mein-sticky-header e-con e-parent\" data-id=\"1ef2d9db\" data-element_type=\"container\" data-e-type=\"container\" data-settings=\"{&quot;background_background&quot;:&quot;classic&quot;}\">\n\t\t\t\t<div class=\"elementor-element elementor-element-c7291a4 elementor-widget__width-initial elementor-widget elementor-widget-image\" data-id=\"c7291a4\" data-element_type=\"widget\" data-e-type=\"widget\" data-widget_type=\"image.default\">\n\t\t\t\t\t\t\t\t\t\t\t\t\t\t\t\t<a href=\"http:\/\/www.iv-michaelfinck.de\/en\/\">\n\t\t\t\t\t\t\t<img fetchpriority=\"high\" decoding=\"async\" width=\"300\" height=\"184\" src=\"https:\/\/www.iv-michaelfinck.de\/wp-content\/uploads\/2025\/05\/Bildschirmfoto_19-5-2025_211952_www.canva_.com_-300x184.jpeg\" class=\"attachment-medium size-medium wp-image-38\" alt=\"\" srcset=\"https:\/\/www.iv-michaelfinck.de\/wp-content\/uploads\/2025\/05\/Bildschirmfoto_19-5-2025_211952_www.canva_.com_-300x184.jpeg 300w, https:\/\/www.iv-michaelfinck.de\/wp-content\/uploads\/2025\/05\/Bildschirmfoto_19-5-2025_211952_www.canva_.com_-18x12.jpeg 18w, https:\/\/www.iv-michaelfinck.de\/wp-content\/uploads\/2025\/05\/Bildschirmfoto_19-5-2025_211952_www.canva_.com_.jpeg 397w\" sizes=\"(max-width: 300px) 100vw, 300px\" \/>\t\t\t\t\t\t\t\t<\/a>\n\t\t\t\t\t\t\t\t\t\t\t\t\t\t\t<\/div>\n\t\t<div class=\"elementor-element elementor-element-5334835b e-grid e-con-full e-con e-child\" data-id=\"5334835b\" data-element_type=\"container\" data-e-type=\"container\">\n\t\t\t\t<div class=\"elementor-element elementor-element-3f344c2e elementor-widget elementor-widget-heading\" data-id=\"3f344c2e\" data-element_type=\"widget\" data-e-type=\"widget\" data-widget_type=\"heading.default\">\n\t\t\t\t\t<h3 class=\"elementor-heading-title elementor-size-default\"><a href=\"http:\/\/www.iv-michaelfinck.de\/en\/leistungen\/\">Services<\/a><\/h3>\t\t\t\t<\/div>\n\t\t\t\t<div class=\"elementor-element elementor-element-3596d289 elementor-widget elementor-widget-heading\" data-id=\"3596d289\" data-element_type=\"widget\" data-e-type=\"widget\" data-widget_type=\"heading.default\">\n\t\t\t\t\t<h3 class=\"elementor-heading-title elementor-size-default\"><a href=\"http:\/\/www.iv-michaelfinck.de\/en\/partner\/\">Partner<\/a><\/h3>\t\t\t\t<\/div>\n\t\t\t\t<div class=\"elementor-element elementor-element-191c749b elementor-widget elementor-widget-heading\" data-id=\"191c749b\" data-element_type=\"widget\" data-e-type=\"widget\" data-widget_type=\"heading.default\">\n\t\t\t\t\t<h3 class=\"elementor-heading-title elementor-size-default\"><a href=\"http:\/\/www.iv-michaelfinck.de\/en\/ueber-mich\/\">About me<\/a><\/h3>\t\t\t\t<\/div>\n\t\t\t\t<\/div>\n\t\t\t\t<div class=\"elementor-element elementor-element-1e767097 elementor-align-right elementor-widget elementor-widget-button\" data-id=\"1e767097\" data-element_type=\"widget\" data-e-type=\"widget\" data-widget_type=\"button.default\">\n\t\t\t\t\t\t\t\t\t\t<a class=\"elementor-button elementor-button-link elementor-size-sm\" href=\"http:\/\/www.iv-michaelfinck.de\/en\/kontakt\/\">\n\t\t\t\t\t\t<span class=\"elementor-button-content-wrapper\">\n\t\t\t\t\t\t\t\t\t<span class=\"elementor-button-text\">Contact us<\/span>\n\t\t\t\t\t<\/span>\n\t\t\t\t\t<\/a>\n\t\t\t\t\t\t\t\t<\/div>\n\t\t\t\t<\/div>\n\t\t<div class=\"elementor-element elementor-element-7ae71a50 e-flex e-con-boxed e-con e-parent\" data-id=\"7ae71a50\" data-element_type=\"container\" data-e-type=\"container\">\n\t\t\t\t\t<div class=\"e-con-inner\">\n\t\t\t\t<div class=\"elementor-element elementor-element-5649bf0 elementor-widget elementor-widget-heading\" data-id=\"5649bf0\" data-element_type=\"widget\" data-e-type=\"widget\" data-widget_type=\"heading.default\">\n\t\t\t\t\t<h2 class=\"elementor-heading-title elementor-size-default\">Datenschutzerkl\u00e4rung Michael Finck Industrievertretung<\/h2>\t\t\t\t<\/div>\n\t\t\t\t\t<\/div>\n\t\t\t\t<\/div>\n\t\t<div class=\"elementor-element elementor-element-261ffe84 e-flex e-con-boxed e-con e-parent\" data-id=\"261ffe84\" data-element_type=\"container\" data-e-type=\"container\">\n\t\t\t\t\t<div class=\"e-con-inner\">\n\t\t\t\t<div class=\"elementor-element elementor-element-25c10520 elementor-widget elementor-widget-text-editor\" data-id=\"25c10520\" data-element_type=\"widget\" data-e-type=\"widget\" data-widget_type=\"text-editor.default\">\n\t\t\t\t\t\t\t\t\t<p class=\"mb-2 last:mb-0\"><strong>Privacy policy<\/strong><\/p><p class=\"mb-2 last:mb-0\">Stand: 01.11.2025<\/p><p class=\"mb-2 last:mb-0\">We are delighted that you are interested in our company. It is generally possible to use our website without providing any personal data. However, if a data subject wishes to make use of special services of our company via our website, it may be necessary to process personal data. If the processing of personal data is necessary and there is no legal basis for such processing, we generally obtain the consent of the data subject.<\/p><p class=\"mb-2 last:mb-0\">The processing of personal data, such as the name, address, e-mail address or telephone number of a data subject, is always carried out in accordance with the General Data Protection Regulation and in accordance with the country-specific data protection regulations applicable to us. By means of this data protection declaration, our company would like to inform the public about the type, scope and purpose of the personal data we collect, use and process. Furthermore, data subjects are informed of their rights by means of this privacy policy.<\/p><p class=\"mb-2 last:mb-0\">As the controller, we have implemented numerous technical and organizational measures to ensure the most complete protection possible for personal data processed via this website. Nevertheless, Internet-based data transmissions can generally have security gaps, so absolute protection cannot be guaranteed. For this reason, every data subject is free to transmit personal data to us by alternative means, for example by telephone.<\/p><hr \/><p class=\"mb-2 last:mb-0\"><strong>Definition of terms<\/strong><\/p><p class=\"mb-2 last:mb-0\">The data protection declaration is based on the terms used by the European legislator for the adoption of the General Data Protection Regulation (GDPR). Our privacy policy should be easy to read and understand for the public as well as for our customers and business partners. To ensure this, we would like to explain the terms used in advance.<\/p><ul><li><strong>Personal data<\/strong>: Any information relating to an identified or identifiable natural person.<\/li><li><strong>Person affected<\/strong>: Any identified or identifiable natural person whose personal data is processed.<\/li><li><strong>Processing<\/strong>: Any process in connection with personal data, such as collection, storage, use, disclosure, etc.<\/li><li><strong>Restriction of processing<\/strong>: Marking of stored personal data with the aim of restricting its future processing.<\/li><li><strong>Profiling<\/strong>: Automated processing of personal data to evaluate certain personal aspects.<\/li><li><strong>Pseudonymization<\/strong>: Processing of personal data so that it can no longer be attributed to a specific data subject without additional information.<\/li><li><strong>Person responsible<\/strong>: The natural or legal person who determines the purposes and means of the processing of personal data.<\/li><li><strong>Processor<\/strong>: A person or body that processes personal data on behalf of the controller.<\/li><li><strong>Receiver<\/strong>: A person or body to whom personal data is disclosed.<\/li><li><strong>Third party<\/strong>: A person or body other than the data subject, the controller or the processor.<\/li><li><strong>Consent<\/strong>: Voluntary, informed and unambiguous expression of the data subject's consent to the processing of their personal data.<\/li><\/ul><hr \/><p class=\"mb-2 last:mb-0\"><strong>Name and address of the controller<\/strong><\/p><p class=\"mb-2 last:mb-0\">Michael Finck Industrievertretungen<br \/>Michael Finck<br \/>Keltenstr. 13<br \/>55758 Kempfeld<br \/>Deutschland<br \/>+49 157-53691221<br \/>E-Mail: <u><a href=\"mailto:m.finck@finck-industrievertretungen.de\" target=\"_blank\" rel=\"noopener\">m.finck@finck-<wbr \/>industrievertretungen.de<\/a><\/u><br \/>DE355917788<\/p><hr \/><p class=\"mb-2 last:mb-0\"><strong>Cookies \/ SessionStorage \/ LocalStorage<\/strong><\/p><p class=\"mb-2 last:mb-0\">The Internet pages use cookies, LocalStorage and SessionStorage to make our website more user-friendly, effective and secure. The data subject can prevent the setting of cookies at any time and delete cookies that have already been set.<\/p><hr \/><p class=\"mb-2 last:mb-0\"><strong>Collection of general data and information<\/strong><\/p><p class=\"mb-2 last:mb-0\">The website collects a range of general data and information that is stored in the server log files each time it is accessed. This information is required to deliver the content correctly, to ensure the functionality of the systems and to provide law enforcement authorities with the necessary information in the event of a cyber attack.<\/p><p class=\"mb-2 last:mb-0\"><strong>Rights of the data subject<\/strong><\/p><ul><li><p class=\"mb-2 last:mb-0\"><strong>Right to confirmation<\/strong>: Each data subject shall have the right to obtain from the controller confirmation as to whether or not personal data concerning him or her are being processed.<\/p><\/li><li><p class=\"mb-2 last:mb-0\"><strong>Right to information<\/strong>: Every data subject has the right to receive information free of charge at any time about the personal data stored about them. This includes information about:<\/p><ul><li>the purposes of processing,<\/li><li>the categories of personal data that are processed,<\/li><li>the recipients or categories of recipients to whom the personal data has been disclosed,<\/li><li>the planned duration of storage or the criteria for determining this duration,<\/li><li>the existence of a right to rectification or erasure of personal data,<\/li><li>the existence of a right of appeal to a supervisory authority,<\/li><li>the origin of the data if it was not collected from the data subject,<\/li><li>the existence of automated decision-making, including profiling.<\/li><\/ul><\/li><li><p class=\"mb-2 last:mb-0\"><strong>Right to rectification<\/strong>: Every data subject has the right to demand the immediate correction of incorrect personal data. Furthermore, the data subject has the right to request the completion of incomplete personal data.<\/p><\/li><li><p class=\"mb-2 last:mb-0\"><strong>Right to erasure (right to be forgotten)<\/strong>: Each data subject shall have the right to obtain from the controller the erasure of personal data concerning him or her without undue delay where one of the following grounds applies:<\/p><ul><li>The personal data are no longer necessary for the purposes for which they were collected.<\/li><li>The data subject withdraws consent and there is no other legal basis for the processing.<\/li><li>The data subject objects to the processing and there are no overriding legitimate grounds for the processing.<\/li><li>The personal data was processed unlawfully.<\/li><li>The deletion is necessary to fulfill a legal obligation.<\/li><\/ul><\/li><li><p class=\"mb-2 last:mb-0\"><strong>Right to restriction of processing<\/strong>: Every data subject has the right to request the restriction of processing if:<\/p><ul><li>The accuracy of the personal data is disputed.<\/li><li>The processing is unlawful and the data subject requests the restriction of use.<\/li><li>The controller no longer needs the personal data, but the data subject requires them for the establishment, exercise or defense of legal claims.<\/li><li>The data subject has objected to the processing.<\/li><\/ul><\/li><li><p class=\"mb-2 last:mb-0\"><strong>Right to data portability<\/strong>: Each data subject shall have the right to receive the personal data concerning him or her in a structured, commonly used and machine-readable format and have the right to transmit those data to another controller.<\/p><\/li><li><p class=\"mb-2 last:mb-0\"><strong>Right to object<\/strong>: Every data subject has the right to object, on grounds relating to his or her particular situation, at any time to processing of personal data concerning him or her.<\/p><\/li><li><p class=\"mb-2 last:mb-0\"><strong>Right to automated decisions in individual cases, including profiling<\/strong>: Every data subject has the right not to be subject to a decision based solely on automated processing which produces legal effects concerning him or her or significantly affects him or her.<\/p><\/li><li><p class=\"mb-2 last:mb-0\"><strong>Right to withdraw consent under data protection law<\/strong>: Every data subject has the right to withdraw consent to the processing of personal data at any time.<\/p><\/li><\/ul><hr \/><p class=\"mb-2 last:mb-0\"><strong>Legal basis of the processing<\/strong><\/p><p class=\"mb-2 last:mb-0\">Personal data is processed on the basis of the General Data Protection Regulation (GDPR). The legal bases may vary depending on whether the processing is based on consent, a contract, a legal obligation or a legitimate interest.<\/p><hr \/><p class=\"mb-2 last:mb-0\"><strong>Legitimate interests in the processing<\/strong><\/p><p class=\"mb-2 last:mb-0\">Where the processing of personal data is based on Article 6(1)(f) GDPR, our legitimate interest is to carry out our business for the benefit of the well-being of all our employees and shareholders.<\/p><hr \/><p class=\"mb-2 last:mb-0\"><strong>Duration of storage of personal data<\/strong><\/p><p class=\"mb-2 last:mb-0\">The duration of the storage of personal data depends on the respective statutory retention periods. After these periods have expired, the corresponding data is routinely deleted, provided that it is no longer required for contract fulfillment or contract initiation.<\/p><p class=\"mb-2 last:mb-0\"><strong>Legal or contractual provisions for the provision of personal data<\/strong><\/p><p class=\"mb-2 last:mb-0\">We would like to inform you that the provision of personal data is partly required by law (e.g. tax regulations) or may also result from contractual regulations (e.g. information on the contractual partner).<\/p><p class=\"mb-2 last:mb-0\">Sometimes it may be necessary for a data subject to provide us with personal data that must subsequently be processed by us. For example, the data subject is obliged to provide us with personal data if our company concludes a contract with them. Failure to provide the personal data would mean that the contract with the data subject could not be concluded.<\/p><p class=\"mb-2 last:mb-0\">Before personal data is provided by the data subject, the data subject must contact one of our employees. Our employee will inform the data subject on a case-by-case basis whether the provision of the personal data is required by law or contract or is necessary for the conclusion of the contract, whether there is an obligation to provide the personal data and what the consequences would be if the personal data were not provided.<\/p><hr \/><p class=\"mb-2 last:mb-0\"><strong>Existence of automated decision-making<\/strong><\/p><p class=\"mb-2 last:mb-0\">As a responsible company, we do not use automated decision-making or profiling.<\/p><hr \/><p class=\"mb-2 last:mb-0\">This privacy policy should cover the basic data protection requirements for a self-employed company with one person. However, it is advisable to have the statement reviewed by a legal expert to ensure that it meets all the specific requirements and regulations that apply to your business and industry.<\/p>\t\t\t\t\t\t\t\t<\/div>\n\t\t\t\t\t<\/div>\n\t\t\t\t<\/div>\n\t\t<div class=\"elementor-element elementor-element-ba65e02 e-flex e-con-boxed e-con e-parent\" data-id=\"ba65e02\" data-element_type=\"container\" data-e-type=\"container\">\n\t\t\t\t\t<div class=\"e-con-inner\">\n\t\t\t\t<div class=\"elementor-element elementor-element-093ce3f elementor-widget elementor-widget-html\" data-id=\"093ce3f\" data-element_type=\"widget\" data-e-type=\"widget\" data-widget_type=\"html.default\">\n\t\t\t\t\t<div class=\"footer-wrapper\">\r\n  <div class=\"footer-custom\">\r\n    <div class=\"footer-section\">\r\n      <h3>Michael Finck<\/h3>\r\n      <p>Industrial agencies for energy and<br>Compressed Air Management<\/p>\r\n    <\/div>\r\n    <div class=\"footer-section\">\r\n      <h3>Contact us<\/h3>\r\n      <p>\r\n        Keltenstr. 13<br>\r\n        55758 Kempfeld<br>\r\n        Tel: +49 6786-2925325<br>\r\n        Mobil: +49 157-53691221<br>\r\n        Mail: <a href=\"mailto:m.finck@finck-industrievertretungen.de\">m.finck@finck-industrievertretungen.de<\/a>\r\n      <\/p>\r\n    <\/div>\r\n    <div class=\"footer-section\">\r\n      <h3>Legal information<\/h3>\r\n      <p>\r\n        <a href=\"\/en\/impressum\/\">\u279c Legal notice<\/a><br>\r\n        <a href=\"\/en\/datenschutz\/\">\u279c Privacy policy<\/a>\r\n      <\/p>\r\n    <\/div>\r\n  <\/div>\r\n<\/div>\r\n\r\n<style>\r\n@import url('https:\/\/fonts.googleapis.com\/css2?family=Montserrat:wght@400;600&display=swap');\r\n\r\n\/* Volle Breite des Hintergrunds *\/\r\n.footer-wrapper {\r\n  width: 100%;\r\n  background-color: #fff;\r\n}\r\n\r\n\/* Zentrierter Footer-Inhalt *\/\r\n.footer-custom {\r\n  max-width: 1200px;\r\n  margin: 0 auto;\r\n  padding: 30px 20px;\r\n  display: flex;\r\n  flex-wrap: wrap;\r\n  justify-content: space-between;\r\n  gap: 20px;\r\n  font-family: 'Montserrat', sans-serif;\r\n  box-sizing: border-box;\r\n}\r\n\r\n.footer-section {\r\n  flex: 1 1 30%;\r\n  min-width: 240px;\r\n}\r\n\r\n.footer-section h3 {\r\n  color: #3366ff;\r\n  margin-bottom: 10px;\r\n  font-size: 1.2rem;\r\n  font-weight: 600;\r\n}\r\n\r\n.footer-section p {\r\n  color: #222;\r\n  line-height: 1.5;\r\n  font-size: 0.95rem;\r\n  font-weight: 400;\r\n}\r\n\r\n.footer-section a {\r\n  color: #222;\r\n  text-decoration: none;\r\n}\r\n\r\n.footer-section a:hover {\r\n  text-decoration: underline;\r\n}\r\n\r\n\/* Ab unter 1024px einspaltig *\/\r\n@media (max-width: 1024px) {\r\n  .footer-custom {\r\n    flex-direction: column;\r\n    align-items: flex-start;\r\n    padding: 20px;\r\n  }\r\n\r\n  .footer-section {\r\n    flex: 1 1 100%;\r\n    min-width: auto;\r\n    margin-bottom: 20px;\r\n  }\r\n\r\n  .footer-section h3 {\r\n    font-size: 1.1rem;\r\n  }\r\n\r\n  .footer-section p,\r\n  .footer-section a {\r\n    font-size: 0.95rem;\r\n  }\r\n}\r\n<\/style>\t\t\t\t<\/div>\n\t\t\t\t\t<\/div>\n\t\t\t\t<\/div>\n\t\t<div class=\"elementor-element elementor-element-4529237b e-flex e-con-boxed e-con e-parent\" data-id=\"4529237b\" data-element_type=\"container\" data-e-type=\"container\">\n\t\t\t\t\t<div class=\"e-con-inner\">\n\t\t\t\t<div class=\"elementor-element elementor-element-50a9f89 elementor-widget elementor-widget-text-editor\" data-id=\"50a9f89\" data-element_type=\"widget\" data-e-type=\"widget\" data-widget_type=\"text-editor.default\">\n\t\t\t\t\t\t\t\t\t<p>\u00a9 2025 Michael Finck - All rights reserved<\/p>\t\t\t\t\t\t\t\t<\/div>\n\t\t\t\t\t<\/div>\n\t\t\t\t<\/div>\n\t\t<div class=\"elementor-element elementor-element-744f74f e-flex e-con-boxed e-con e-parent\" data-id=\"744f74f\" data-element_type=\"container\" data-e-type=\"container\">\n\t\t\t\t\t<div class=\"e-con-inner\">\n\t\t\t\t<div class=\"elementor-element elementor-element-8f02ca8 elementor-widget elementor-widget-html\" data-id=\"8f02ca8\" data-element_type=\"widget\" data-e-type=\"widget\" data-widget_type=\"html.default\">\n\t\t\t\t\t<style>\r\n    .mein-sticky-header {\r\n    position: sticky;\r\n    top: 0;\r\n    z-index: 9999;\r\n    background: white;\r\n    box-shadow: 0 2px 10px rgba(0, 0, 0, 0.1);\r\n\r\n    \/* Normales Elementor-Header auf mobilen Ger\u00e4ten ausblenden *\/\r\n@media (max-width: 1024px) {\r\n    display: none !important;\r\n  }\r\n}\r\n<\/style>\t\t\t\t<\/div>\n\t\t\t\t\t<\/div>\n\t\t\t\t<\/div>\n\t\t<div class=\"elementor-element elementor-element-415d381 e-flex e-con-boxed e-con e-parent\" data-id=\"415d381\" data-element_type=\"container\" data-e-type=\"container\">\n\t\t\t\t\t<div class=\"e-con-inner\">\n\t\t\t\t<div class=\"elementor-element elementor-element-86c4789 elementor-widget elementor-widget-html\" data-id=\"86c4789\" data-element_type=\"widget\" data-e-type=\"widget\" data-widget_type=\"html.default\">\n\t\t\t\t\t<!DOCTYPE html>\r\n<html lang=\"de\">\r\n<head>\r\n  <meta charset=\"UTF-8\">\r\n  <meta name=\"viewport\" content=\"width=device-width, initial-scale=1.0\">\r\n  <title>Mobile Header<\/title>\r\n  <style>\r\n    \/* Mobiler Header \u2013 nur f\u00fcr kleine Bildschirme *\/\r\n    @media (max-width: 768px) {\r\n      .mobiler-header {\r\n        position: fixed;\r\n        top: 0;\r\n        width: 100%;\r\n        z-index: 9999;\r\n        background: white;\r\n        box-shadow: 0 2px 10px rgba(0, 0, 0, 0.1);\r\n        padding: 10px 20px;\r\n      }\r\n\r\n      .mobiler-header-inhalt {\r\n        display: flex;\r\n        justify-content: space-between;\r\n        align-items: center;\r\n      }\r\n\r\n      .mobiler-logo {\r\n        max-height: 60px;\r\n        transition: max-height 0.3s ease;\r\n      }\r\n\r\n      .burger {\r\n        font-size: 28px;\r\n        cursor: pointer;\r\n      }\r\n\r\n      .mobiles-menue {\r\n        display: none;\r\n        flex-direction: column;\r\n        padding-top: 10px;\r\n      }\r\n\r\n      .mobiles-menue a {\r\n        padding: 10px 0;\r\n        text-decoration: none;\r\n        color: #333;\r\n        font-weight: 500;\r\n      }\r\n\r\n      .mobiles-menue.aktiv {\r\n        display: flex;\r\n      }\r\n\r\n      \/* Desktop-Header auf kleinen Ger\u00e4ten ausblenden *\/\r\n      header.elementor-sticky--effects,\r\n      .elementor-header {\r\n        display: none !important;\r\n      }\r\n\r\n      \/* h1-Zeilenumbruch bei langen W\u00f6rtern *\/\r\n      h1 {\r\n        word-break: break-word;\r\n        overflow-wrap: break-word;\r\n        hyphens: auto;\r\n      }\r\n    }\r\n\r\n    \/* Mobiler Header auf gr\u00f6\u00dferen Bildschirmen ausblenden *\/\r\n    @media (min-width: 769px) {\r\n      .mobiler-header {\r\n        display: none !important;\r\n      }\r\n    }\r\n  <\/style>\r\n<\/head>\r\n<body>\r\n\r\n  <div class=\"mobiler-header\">\r\n    <div class=\"mobiler-header-inhalt\">\r\n      <a href=\"\/en\/\" class=\"mobiler-logo-link\">\r\n        <img decoding=\"async\" src=\"https:\/\/www.iv-michaelfinck.de\/wp-content\/uploads\/2025\/05\/Bildschirmfoto_19-5-2025_211952_www.canva_.com_.jpeg\" alt=\"Logo\" class=\"mobiler-logo\">\r\n      <\/a>\r\n      <div class=\"burger\" onclick=\"toggleMobilesMenue()\">\u2630<\/div>\r\n    <\/div>\r\n    <nav class=\"mobiles-menue\" id=\"mobilesMenue\">\r\n      <a href=\"\/en\/leistungen\/\">Services<\/a>\r\n      <a href=\"\/en\/partner\/\">Partner<\/a>\r\n      <a href=\"\/en\/ueber-mich\/\">About me<\/a>\r\n      <a href=\"\/en\/kontakt\/\">Contact us<\/a>\r\n    <\/nav>\r\n  <\/div>\r\n\r\n  <script>\r\n    function toggleMobilesMenue() {\r\n      var menue = document.getElementById(\"mobilesMenue\");\r\n      menue.classList.toggle(\"aktiv\");\r\n    }\r\n  <\/script>\r\n\r\n<\/body>\r\n<\/html>\t\t\t\t<\/div>\n\t\t\t\t\t<\/div>\n\t\t\t\t<\/div>\n\t\t\t\t<\/div>","protected":false},"excerpt":{"rendered":"<p>Leistungen Partner \u00dcber Mich Kontakt Datenschutzerkl\u00e4rung Michael Finck Industrievertretung Datenschutzerkl\u00e4rung Stand: 01.11.2025 Wir freuen uns sehr \u00fcber Ihr Interesse an unserem Unternehmen. Eine Nutzung der Internetseiten ist grunds\u00e4tzlich ohne jede Angabe personenbezogener Daten m\u00f6glich. Sofern eine betroffene Person besondere Services unseres Unternehmens \u00fcber unsere Internetseite in Anspruch nehmen m\u00f6chte, k\u00f6nnte jedoch eine Verarbeitung personenbezogener Daten [&hellip;]<\/p>\n","protected":false},"author":1,"featured_media":0,"parent":0,"menu_order":0,"comment_status":"closed","ping_status":"closed","template":"","meta":{"footnotes":""},"class_list":["post-243","page","type-page","status-publish","hentry"],"_links":{"self":[{"href":"https:\/\/www.iv-michaelfinck.de\/en\/wp-json\/wp\/v2\/pages\/243","targetHints":{"allow":["GET"]}}],"collection":[{"href":"https:\/\/www.iv-michaelfinck.de\/en\/wp-json\/wp\/v2\/pages"}],"about":[{"href":"https:\/\/www.iv-michaelfinck.de\/en\/wp-json\/wp\/v2\/types\/page"}],"author":[{"embeddable":true,"href":"https:\/\/www.iv-michaelfinck.de\/en\/wp-json\/wp\/v2\/users\/1"}],"replies":[{"embeddable":true,"href":"https:\/\/www.iv-michaelfinck.de\/en\/wp-json\/wp\/v2\/comments?post=243"}],"version-history":[{"count":77,"href":"https:\/\/www.iv-michaelfinck.de\/en\/wp-json\/wp\/v2\/pages\/243\/revisions"}],"predecessor-version":[{"id":910,"href":"https:\/\/www.iv-michaelfinck.de\/en\/wp-json\/wp\/v2\/pages\/243\/revisions\/910"}],"wp:attachment":[{"href":"https:\/\/www.iv-michaelfinck.de\/en\/wp-json\/wp\/v2\/media?parent=243"}],"curies":[{"name":"wp","href":"https:\/\/api.w.org\/{rel}","templated":true}]}}